{"id":3051,"date":"2024-07-23T09:29:44","date_gmt":"2024-07-23T15:29:44","guid":{"rendered":"https:\/\/acabadosfinost.com\/?post_type=product&#038;p=3051"},"modified":"2026-02-02T20:27:54","modified_gmt":"2026-02-03T02:27:54","slug":"tapon-capa-de-1-2","status":"publish","type":"product","link":"https:\/\/acabadosfinost.com\/index.php\/producto\/tapon-capa-de-1-2\/","title":{"rendered":"Tap\u00f3n Capa de 1\/2"},"content":{"rendered":"","protected":false},"excerpt":{"rendered":"<p><strong>Marca:<\/strong>\u00a0Cravioto<br \/>\n<strong>Formato:<\/strong> 13 mm (1\/2&#8243;)<br \/>\n<strong>Material:<\/strong>Cobre<br \/>\n<strong>Unidad:<\/strong> Pieza<\/p>\n<p><a href=\"https:\/\/bit.ly\/aft-atencion-a-clientes\"><img loading=\"lazy\" decoding=\"async\" class=\"alignnone wp-image-6060\" src=\"https:\/\/acabadosfinost.com\/wp-content\/uploads\/2024\/08\/logo-300x300.png\" alt=\"\" width=\"40\" height=\"40\" srcset=\"https:\/\/acabadosfinost.com\/wp-content\/uploads\/2024\/08\/logo-300x300.png 300w, https:\/\/acabadosfinost.com\/wp-content\/uploads\/2024\/08\/logo-150x150.png 150w, https:\/\/acabadosfinost.com\/wp-content\/uploads\/2024\/08\/logo-100x100.png 100w, https:\/\/acabadosfinost.com\/wp-content\/uploads\/2024\/08\/logo.png 512w\" sizes=\"(max-width: 40px) 100vw, 40px\" \/><\/a> <img loading=\"lazy\" decoding=\"async\" class=\"alignnone wp-image-6057\" src=\"https:\/\/acabadosfinost.com\/wp-content\/uploads\/2024\/08\/instagram-300x300.png\" alt=\"\" width=\"40\" height=\"40\" srcset=\"https:\/\/acabadosfinost.com\/wp-content\/uploads\/2024\/08\/instagram-300x300.png 300w, https:\/\/acabadosfinost.com\/wp-content\/uploads\/2024\/08\/instagram-150x150.png 150w, https:\/\/acabadosfinost.com\/wp-content\/uploads\/2024\/08\/instagram-100x100.png 100w, https:\/\/acabadosfinost.com\/wp-content\/uploads\/2024\/08\/instagram.png 512w\" sizes=\"(max-width: 40px) 100vw, 40px\" \/> <img loading=\"lazy\" decoding=\"async\" class=\"alignnone wp-image-6058\" src=\"https:\/\/acabadosfinost.com\/wp-content\/uploads\/2024\/08\/social-media-300x300.png\" alt=\"\" width=\"40\" height=\"40\" srcset=\"https:\/\/acabadosfinost.com\/wp-content\/uploads\/2024\/08\/social-media-300x300.png 300w, https:\/\/acabadosfinost.com\/wp-content\/uploads\/2024\/08\/social-media-150x150.png 150w, https:\/\/acabadosfinost.com\/wp-content\/uploads\/2024\/08\/social-media-100x100.png 100w, https:\/\/acabadosfinost.com\/wp-content\/uploads\/2024\/08\/social-media.png 512w\" sizes=\"(max-width: 40px) 100vw, 40px\" \/><img loading=\"lazy\" decoding=\"async\" class=\"alignnone wp-image-6062\" src=\"https:\/\/acabadosfinost.com\/wp-content\/uploads\/2024\/08\/facebook1-300x300.png\" alt=\"\" width=\"37\" height=\"37\" srcset=\"https:\/\/acabadosfinost.com\/wp-content\/uploads\/2024\/08\/facebook1-300x300.png 300w, https:\/\/acabadosfinost.com\/wp-content\/uploads\/2024\/08\/facebook1-150x150.png 150w, https:\/\/acabadosfinost.com\/wp-content\/uploads\/2024\/08\/facebook1-100x100.png 100w, https:\/\/acabadosfinost.com\/wp-content\/uploads\/2024\/08\/facebook1.png 512w\" sizes=\"(max-width: 37px) 100vw, 37px\" \/>\u00a0<img loading=\"lazy\" decoding=\"async\" class=\"alignnone wp-image-6063\" src=\"https:\/\/acabadosfinost.com\/wp-content\/uploads\/2024\/08\/youtube1-300x300.png\" alt=\"\" width=\"37\" height=\"37\" srcset=\"https:\/\/acabadosfinost.com\/wp-content\/uploads\/2024\/08\/youtube1-300x300.png 300w, https:\/\/acabadosfinost.com\/wp-content\/uploads\/2024\/08\/youtube1-150x150.png 150w, https:\/\/acabadosfinost.com\/wp-content\/uploads\/2024\/08\/youtube1-100x100.png 100w, https:\/\/acabadosfinost.com\/wp-content\/uploads\/2024\/08\/youtube1.png 512w\" sizes=\"(max-width: 37px) 100vw, 37px\" \/><\/p>\n<p><strong>Informaci\u00f3n adicional:<\/strong><br \/>\nImpide la salida de agua, gas o vapor de la tuber\u00eda.<br \/>\nConexi\u00f3n r\u00edgida para instalaciones hidr\u00e1ulicas, gas y refrigeraci\u00f3n.<br \/>\nResistencia hasta 100\u00ba C y una presi\u00f3n de 10 kilogramos.<\/p>\n","protected":false},"featured_media":3052,"comment_status":"open","ping_status":"closed","template":"","meta":{"_acf_changed":false},"product_cat":[71],"product_tag":[],"acf":[],"_links":{"self":[{"href":"https:\/\/acabadosfinost.com\/index.php\/wp-json\/wp\/v2\/product\/3051"}],"collection":[{"href":"https:\/\/acabadosfinost.com\/index.php\/wp-json\/wp\/v2\/product"}],"about":[{"href":"https:\/\/acabadosfinost.com\/index.php\/wp-json\/wp\/v2\/types\/product"}],"replies":[{"embeddable":true,"href":"https:\/\/acabadosfinost.com\/index.php\/wp-json\/wp\/v2\/comments?post=3051"}],"wp:featuredmedia":[{"embeddable":true,"href":"https:\/\/acabadosfinost.com\/index.php\/wp-json\/wp\/v2\/media\/3052"}],"wp:attachment":[{"href":"https:\/\/acabadosfinost.com\/index.php\/wp-json\/wp\/v2\/media?parent=3051"}],"wp:term":[{"taxonomy":"product_cat","embeddable":true,"href":"https:\/\/acabadosfinost.com\/index.php\/wp-json\/wp\/v2\/product_cat?post=3051"},{"taxonomy":"product_tag","embeddable":true,"href":"https:\/\/acabadosfinost.com\/index.php\/wp-json\/wp\/v2\/product_tag?post=3051"}],"curies":[{"name":"wp","href":"https:\/\/api.w.org\/{rel}","templated":true}]}}