{"id":3203,"date":"2024-07-24T12:42:31","date_gmt":"2024-07-24T18:42:31","guid":{"rendered":"https:\/\/acabadosfinost.com\/?post_type=product&#038;p=3203"},"modified":"2026-02-02T19:53:11","modified_gmt":"2026-02-03T01:53:11","slug":"calentador-de-paso-poderus-06","status":"publish","type":"product","link":"https:\/\/acabadosfinost.com\/index.php\/producto\/calentador-de-paso-poderus-06\/","title":{"rendered":"Calentador de Paso Poderus 06 5L"},"content":{"rendered":"","protected":false},"excerpt":{"rendered":"<p><strong>Marca:<\/strong> Calorex<br \/>\n<strong>Formato:<\/strong> 30 X 63 X 30 cm<br \/>\n<strong>Tipo:<\/strong> Deposito<br \/>\n<strong>Unidad:<\/strong> Pieza<br \/>\n<strong>Peso:<\/strong> 20 kg<\/p>\n<p><a href=\"https:\/\/bit.ly\/aft-atencion-a-clientes\"><img loading=\"lazy\" decoding=\"async\" class=\"alignnone wp-image-6060\" src=\"https:\/\/acabadosfinost.com\/wp-content\/uploads\/2024\/08\/logo-300x300.png\" alt=\"\" width=\"40\" height=\"40\" srcset=\"https:\/\/acabadosfinost.com\/wp-content\/uploads\/2024\/08\/logo-300x300.png 300w, https:\/\/acabadosfinost.com\/wp-content\/uploads\/2024\/08\/logo-150x150.png 150w, https:\/\/acabadosfinost.com\/wp-content\/uploads\/2024\/08\/logo-100x100.png 100w, https:\/\/acabadosfinost.com\/wp-content\/uploads\/2024\/08\/logo.png 512w\" sizes=\"(max-width: 40px) 100vw, 40px\" \/><\/a> <img loading=\"lazy\" decoding=\"async\" class=\"alignnone wp-image-6057\" src=\"https:\/\/acabadosfinost.com\/wp-content\/uploads\/2024\/08\/instagram-300x300.png\" alt=\"\" width=\"40\" height=\"40\" srcset=\"https:\/\/acabadosfinost.com\/wp-content\/uploads\/2024\/08\/instagram-300x300.png 300w, https:\/\/acabadosfinost.com\/wp-content\/uploads\/2024\/08\/instagram-150x150.png 150w, https:\/\/acabadosfinost.com\/wp-content\/uploads\/2024\/08\/instagram-100x100.png 100w, https:\/\/acabadosfinost.com\/wp-content\/uploads\/2024\/08\/instagram.png 512w\" sizes=\"(max-width: 40px) 100vw, 40px\" \/> <img loading=\"lazy\" decoding=\"async\" class=\"alignnone wp-image-6058\" src=\"https:\/\/acabadosfinost.com\/wp-content\/uploads\/2024\/08\/social-media-300x300.png\" alt=\"\" width=\"40\" height=\"40\" srcset=\"https:\/\/acabadosfinost.com\/wp-content\/uploads\/2024\/08\/social-media-300x300.png 300w, https:\/\/acabadosfinost.com\/wp-content\/uploads\/2024\/08\/social-media-150x150.png 150w, https:\/\/acabadosfinost.com\/wp-content\/uploads\/2024\/08\/social-media-100x100.png 100w, https:\/\/acabadosfinost.com\/wp-content\/uploads\/2024\/08\/social-media.png 512w\" sizes=\"(max-width: 40px) 100vw, 40px\" \/><img loading=\"lazy\" decoding=\"async\" class=\"alignnone wp-image-6062\" src=\"https:\/\/acabadosfinost.com\/wp-content\/uploads\/2024\/08\/facebook1-300x300.png\" alt=\"\" width=\"37\" height=\"37\" srcset=\"https:\/\/acabadosfinost.com\/wp-content\/uploads\/2024\/08\/facebook1-300x300.png 300w, https:\/\/acabadosfinost.com\/wp-content\/uploads\/2024\/08\/facebook1-150x150.png 150w, https:\/\/acabadosfinost.com\/wp-content\/uploads\/2024\/08\/facebook1-100x100.png 100w, https:\/\/acabadosfinost.com\/wp-content\/uploads\/2024\/08\/facebook1.png 512w\" sizes=\"(max-width: 37px) 100vw, 37px\" \/>\u00a0<img loading=\"lazy\" decoding=\"async\" class=\"alignnone wp-image-6063\" src=\"https:\/\/acabadosfinost.com\/wp-content\/uploads\/2024\/08\/youtube1-300x300.png\" alt=\"\" width=\"37\" height=\"37\" srcset=\"https:\/\/acabadosfinost.com\/wp-content\/uploads\/2024\/08\/youtube1-300x300.png 300w, https:\/\/acabadosfinost.com\/wp-content\/uploads\/2024\/08\/youtube1-150x150.png 150w, https:\/\/acabadosfinost.com\/wp-content\/uploads\/2024\/08\/youtube1-100x100.png 100w, https:\/\/acabadosfinost.com\/wp-content\/uploads\/2024\/08\/youtube1.png 512w\" sizes=\"(max-width: 37px) 100vw, 37px\" \/><\/p>\n<p><strong>Informaci\u00f3n adicional:<\/strong><br \/>\nEl m\u00e1s vers\u00e1til, para todo tipo de instalaci\u00f3n y condiciones de uso.<br \/>\nNo requiere presi\u00f3n.<\/p>\n","protected":false},"featured_media":3204,"comment_status":"open","ping_status":"closed","template":"","meta":{"_acf_changed":false},"product_cat":[62],"product_tag":[],"acf":[],"_links":{"self":[{"href":"https:\/\/acabadosfinost.com\/index.php\/wp-json\/wp\/v2\/product\/3203"}],"collection":[{"href":"https:\/\/acabadosfinost.com\/index.php\/wp-json\/wp\/v2\/product"}],"about":[{"href":"https:\/\/acabadosfinost.com\/index.php\/wp-json\/wp\/v2\/types\/product"}],"replies":[{"embeddable":true,"href":"https:\/\/acabadosfinost.com\/index.php\/wp-json\/wp\/v2\/comments?post=3203"}],"wp:featuredmedia":[{"embeddable":true,"href":"https:\/\/acabadosfinost.com\/index.php\/wp-json\/wp\/v2\/media\/3204"}],"wp:attachment":[{"href":"https:\/\/acabadosfinost.com\/index.php\/wp-json\/wp\/v2\/media?parent=3203"}],"wp:term":[{"taxonomy":"product_cat","embeddable":true,"href":"https:\/\/acabadosfinost.com\/index.php\/wp-json\/wp\/v2\/product_cat?post=3203"},{"taxonomy":"product_tag","embeddable":true,"href":"https:\/\/acabadosfinost.com\/index.php\/wp-json\/wp\/v2\/product_tag?post=3203"}],"curies":[{"name":"wp","href":"https:\/\/api.w.org\/{rel}","templated":true}]}}