{"id":3208,"date":"2024-07-24T12:59:50","date_gmt":"2024-07-24T18:59:50","guid":{"rendered":"https:\/\/acabadosfinost.com\/?post_type=product&#038;p=3208"},"modified":"2026-02-02T19:52:35","modified_gmt":"2026-02-03T01:52:35","slug":"calentador-electrico-vattium-e-10-41l","status":"publish","type":"product","link":"https:\/\/acabadosfinost.com\/index.php\/producto\/calentador-electrico-vattium-e-10-41l\/","title":{"rendered":"Calentador El\u00e9ctrico VATTIUM E-10 41L"},"content":{"rendered":"","protected":false},"excerpt":{"rendered":"<p><strong>Marca:<\/strong> Calorex<br \/>\n<strong>Formato:<\/strong> 66 X 35 X 66 cm<br \/>\n<strong>Tipo:<\/strong> Deposito El\u00e9ctrico<br \/>\n<strong>Unidad:<\/strong> Pieza<br \/>\n<strong>Peso:<\/strong> 20 kg<\/p>\n<p><a href=\"https:\/\/bit.ly\/aft-atencion-a-clientes\"><img loading=\"lazy\" decoding=\"async\" class=\"alignnone wp-image-6060\" src=\"https:\/\/acabadosfinost.com\/wp-content\/uploads\/2024\/08\/logo-300x300.png\" alt=\"\" width=\"40\" height=\"40\" srcset=\"https:\/\/acabadosfinost.com\/wp-content\/uploads\/2024\/08\/logo-300x300.png 300w, https:\/\/acabadosfinost.com\/wp-content\/uploads\/2024\/08\/logo-150x150.png 150w, https:\/\/acabadosfinost.com\/wp-content\/uploads\/2024\/08\/logo-100x100.png 100w, https:\/\/acabadosfinost.com\/wp-content\/uploads\/2024\/08\/logo.png 512w\" sizes=\"(max-width: 40px) 100vw, 40px\" \/><\/a> <img loading=\"lazy\" decoding=\"async\" class=\"alignnone wp-image-6057\" src=\"https:\/\/acabadosfinost.com\/wp-content\/uploads\/2024\/08\/instagram-300x300.png\" alt=\"\" width=\"40\" height=\"40\" srcset=\"https:\/\/acabadosfinost.com\/wp-content\/uploads\/2024\/08\/instagram-300x300.png 300w, https:\/\/acabadosfinost.com\/wp-content\/uploads\/2024\/08\/instagram-150x150.png 150w, https:\/\/acabadosfinost.com\/wp-content\/uploads\/2024\/08\/instagram-100x100.png 100w, https:\/\/acabadosfinost.com\/wp-content\/uploads\/2024\/08\/instagram.png 512w\" sizes=\"(max-width: 40px) 100vw, 40px\" \/> <img loading=\"lazy\" decoding=\"async\" class=\"alignnone wp-image-6058\" src=\"https:\/\/acabadosfinost.com\/wp-content\/uploads\/2024\/08\/social-media-300x300.png\" alt=\"\" width=\"40\" height=\"40\" srcset=\"https:\/\/acabadosfinost.com\/wp-content\/uploads\/2024\/08\/social-media-300x300.png 300w, https:\/\/acabadosfinost.com\/wp-content\/uploads\/2024\/08\/social-media-150x150.png 150w, https:\/\/acabadosfinost.com\/wp-content\/uploads\/2024\/08\/social-media-100x100.png 100w, https:\/\/acabadosfinost.com\/wp-content\/uploads\/2024\/08\/social-media.png 512w\" sizes=\"(max-width: 40px) 100vw, 40px\" \/><img loading=\"lazy\" decoding=\"async\" class=\"alignnone wp-image-6062\" src=\"https:\/\/acabadosfinost.com\/wp-content\/uploads\/2024\/08\/facebook1-300x300.png\" alt=\"\" width=\"37\" height=\"37\" srcset=\"https:\/\/acabadosfinost.com\/wp-content\/uploads\/2024\/08\/facebook1-300x300.png 300w, https:\/\/acabadosfinost.com\/wp-content\/uploads\/2024\/08\/facebook1-150x150.png 150w, https:\/\/acabadosfinost.com\/wp-content\/uploads\/2024\/08\/facebook1-100x100.png 100w, https:\/\/acabadosfinost.com\/wp-content\/uploads\/2024\/08\/facebook1.png 512w\" sizes=\"(max-width: 37px) 100vw, 37px\" \/>\u00a0<img loading=\"lazy\" decoding=\"async\" class=\"alignnone wp-image-6063\" src=\"https:\/\/acabadosfinost.com\/wp-content\/uploads\/2024\/08\/youtube1-300x300.png\" alt=\"\" width=\"37\" height=\"37\" srcset=\"https:\/\/acabadosfinost.com\/wp-content\/uploads\/2024\/08\/youtube1-300x300.png 300w, https:\/\/acabadosfinost.com\/wp-content\/uploads\/2024\/08\/youtube1-150x150.png 150w, https:\/\/acabadosfinost.com\/wp-content\/uploads\/2024\/08\/youtube1-100x100.png 100w, https:\/\/acabadosfinost.com\/wp-content\/uploads\/2024\/08\/youtube1.png 512w\" sizes=\"(max-width: 37px) 100vw, 37px\" \/><\/p>\n<p><strong>Informaci\u00f3n adicional:<\/strong><br \/>\nLa mejor experiencia en confort y ahorro de energ\u00eda.<br \/>\nDisfruta de m\u00e1s agua caliente a la temperatura ideal, ahorrando m\u00e1s.<br \/>\nVATTIUM, solo dale la vuelta y disfruta de la temperatura ideal.<br \/>\nExclusiva tecnolog\u00eda XTRA WATER que brinda hasta 17% m\u00e1s agua caliente para un mayor confort.<br \/>\nGreen Foam, aislante t\u00e9rmico exclusivo que conserva el agua caliente hasta 40% m\u00e1s tiempo, ahorrando la energ\u00eda consumida por reencendidas.<br \/>\nAhora con un pr\u00e1ctico control para que elijas el nivel de temperatura. Con LED indicador de encendido.<br \/>\nMayor ahorra, elige la temperatura y consume solo la energ\u00eda necesaria.<br \/>\nDura Glas. Porcelanizado exclusivo de alta durabilidad que protege el tanque, evitando sarro y \u00f3xido.<br \/>\nSistema de seguridad autom\u00e1tico que evita sobrecalentamiento sin flamas ni emisiones contaminantes.<\/p>\n","protected":false},"featured_media":3209,"comment_status":"open","ping_status":"closed","template":"","meta":{"_acf_changed":false},"product_cat":[62],"product_tag":[],"acf":[],"_links":{"self":[{"href":"https:\/\/acabadosfinost.com\/index.php\/wp-json\/wp\/v2\/product\/3208"}],"collection":[{"href":"https:\/\/acabadosfinost.com\/index.php\/wp-json\/wp\/v2\/product"}],"about":[{"href":"https:\/\/acabadosfinost.com\/index.php\/wp-json\/wp\/v2\/types\/product"}],"replies":[{"embeddable":true,"href":"https:\/\/acabadosfinost.com\/index.php\/wp-json\/wp\/v2\/comments?post=3208"}],"wp:featuredmedia":[{"embeddable":true,"href":"https:\/\/acabadosfinost.com\/index.php\/wp-json\/wp\/v2\/media\/3209"}],"wp:attachment":[{"href":"https:\/\/acabadosfinost.com\/index.php\/wp-json\/wp\/v2\/media?parent=3208"}],"wp:term":[{"taxonomy":"product_cat","embeddable":true,"href":"https:\/\/acabadosfinost.com\/index.php\/wp-json\/wp\/v2\/product_cat?post=3208"},{"taxonomy":"product_tag","embeddable":true,"href":"https:\/\/acabadosfinost.com\/index.php\/wp-json\/wp\/v2\/product_tag?post=3208"}],"curies":[{"name":"wp","href":"https:\/\/api.w.org\/{rel}","templated":true}]}}