{"id":3370,"date":"2024-07-26T12:42:21","date_gmt":"2024-07-26T18:42:21","guid":{"rendered":"https:\/\/acabadosfinost.com\/?post_type=product&#038;p=3370"},"modified":"2026-02-02T22:49:24","modified_gmt":"2026-02-03T04:49:24","slug":"codo-pipa-cuerda-interior-cpvc-1-2","status":"publish","type":"product","link":"https:\/\/acabadosfinost.com\/index.php\/producto\/codo-pipa-cuerda-interior-cpvc-1-2\/","title":{"rendered":"Codo Pipa Cuerda Interior CPVC &#8211; 1\/2&#8243;"},"content":{"rendered":"","protected":false},"excerpt":{"rendered":"<p><strong>Marca:<\/strong> DHC<br \/>\n<strong>Formato:<\/strong> 1\/2&#8243;<br \/>\n<strong>Material:<\/strong> CPVC<br \/>\n<strong>Unidad:<\/strong> Pieza<br \/>\n<strong>Peso:<\/strong> 0.50<\/p>\n<p><a href=\"https:\/\/bit.ly\/aft-atencion-a-clientes\"><img loading=\"lazy\" decoding=\"async\" class=\"alignnone wp-image-6060\" src=\"https:\/\/acabadosfinost.com\/wp-content\/uploads\/2024\/08\/logo-300x300.png\" alt=\"\" width=\"40\" height=\"40\" srcset=\"https:\/\/acabadosfinost.com\/wp-content\/uploads\/2024\/08\/logo-300x300.png 300w, https:\/\/acabadosfinost.com\/wp-content\/uploads\/2024\/08\/logo-150x150.png 150w, https:\/\/acabadosfinost.com\/wp-content\/uploads\/2024\/08\/logo-100x100.png 100w, https:\/\/acabadosfinost.com\/wp-content\/uploads\/2024\/08\/logo.png 512w\" sizes=\"(max-width: 40px) 100vw, 40px\" \/><\/a> <img loading=\"lazy\" decoding=\"async\" class=\"alignnone wp-image-6057\" src=\"https:\/\/acabadosfinost.com\/wp-content\/uploads\/2024\/08\/instagram-300x300.png\" alt=\"\" width=\"40\" height=\"40\" srcset=\"https:\/\/acabadosfinost.com\/wp-content\/uploads\/2024\/08\/instagram-300x300.png 300w, https:\/\/acabadosfinost.com\/wp-content\/uploads\/2024\/08\/instagram-150x150.png 150w, https:\/\/acabadosfinost.com\/wp-content\/uploads\/2024\/08\/instagram-100x100.png 100w, https:\/\/acabadosfinost.com\/wp-content\/uploads\/2024\/08\/instagram.png 512w\" sizes=\"(max-width: 40px) 100vw, 40px\" \/> <img loading=\"lazy\" decoding=\"async\" class=\"alignnone wp-image-6058\" src=\"https:\/\/acabadosfinost.com\/wp-content\/uploads\/2024\/08\/social-media-300x300.png\" alt=\"\" width=\"40\" height=\"40\" srcset=\"https:\/\/acabadosfinost.com\/wp-content\/uploads\/2024\/08\/social-media-300x300.png 300w, https:\/\/acabadosfinost.com\/wp-content\/uploads\/2024\/08\/social-media-150x150.png 150w, https:\/\/acabadosfinost.com\/wp-content\/uploads\/2024\/08\/social-media-100x100.png 100w, https:\/\/acabadosfinost.com\/wp-content\/uploads\/2024\/08\/social-media.png 512w\" sizes=\"(max-width: 40px) 100vw, 40px\" \/><img loading=\"lazy\" decoding=\"async\" class=\"alignnone wp-image-6062\" src=\"https:\/\/acabadosfinost.com\/wp-content\/uploads\/2024\/08\/facebook1-300x300.png\" alt=\"\" width=\"37\" height=\"37\" srcset=\"https:\/\/acabadosfinost.com\/wp-content\/uploads\/2024\/08\/facebook1-300x300.png 300w, https:\/\/acabadosfinost.com\/wp-content\/uploads\/2024\/08\/facebook1-150x150.png 150w, https:\/\/acabadosfinost.com\/wp-content\/uploads\/2024\/08\/facebook1-100x100.png 100w, https:\/\/acabadosfinost.com\/wp-content\/uploads\/2024\/08\/facebook1.png 512w\" sizes=\"(max-width: 37px) 100vw, 37px\" \/>\u00a0<img loading=\"lazy\" decoding=\"async\" class=\"alignnone wp-image-6063\" src=\"https:\/\/acabadosfinost.com\/wp-content\/uploads\/2024\/08\/youtube1-300x300.png\" alt=\"\" width=\"37\" height=\"37\" srcset=\"https:\/\/acabadosfinost.com\/wp-content\/uploads\/2024\/08\/youtube1-300x300.png 300w, https:\/\/acabadosfinost.com\/wp-content\/uploads\/2024\/08\/youtube1-150x150.png 150w, https:\/\/acabadosfinost.com\/wp-content\/uploads\/2024\/08\/youtube1-100x100.png 100w, https:\/\/acabadosfinost.com\/wp-content\/uploads\/2024\/08\/youtube1.png 512w\" sizes=\"(max-width: 37px) 100vw, 37px\" \/><\/p>\n<p><strong>Informaci\u00f3n adicional:<\/strong><br \/>\nDe mayor resistencia al impacto.<br \/>\nResistente a la corrosi\u00f3n, oxidaci\u00f3n e incrustaciones.<br \/>\nNo contamina los fluidos y no genera par galv\u00e1nico.<br \/>\nBaja conductividad t\u00e9rmica que permite el ahorro de energ\u00eda manteniendo por m\u00e1s tiempo la temperatura del agua en la tuber\u00eda.<br \/>\nF\u00e1cil y r\u00e1pida instalaci\u00f3n.<\/p>\n","protected":false},"featured_media":3371,"comment_status":"open","ping_status":"closed","template":"","meta":{"_acf_changed":false},"product_cat":[72],"product_tag":[],"acf":[],"_links":{"self":[{"href":"https:\/\/acabadosfinost.com\/index.php\/wp-json\/wp\/v2\/product\/3370"}],"collection":[{"href":"https:\/\/acabadosfinost.com\/index.php\/wp-json\/wp\/v2\/product"}],"about":[{"href":"https:\/\/acabadosfinost.com\/index.php\/wp-json\/wp\/v2\/types\/product"}],"replies":[{"embeddable":true,"href":"https:\/\/acabadosfinost.com\/index.php\/wp-json\/wp\/v2\/comments?post=3370"}],"wp:featuredmedia":[{"embeddable":true,"href":"https:\/\/acabadosfinost.com\/index.php\/wp-json\/wp\/v2\/media\/3371"}],"wp:attachment":[{"href":"https:\/\/acabadosfinost.com\/index.php\/wp-json\/wp\/v2\/media?parent=3370"}],"wp:term":[{"taxonomy":"product_cat","embeddable":true,"href":"https:\/\/acabadosfinost.com\/index.php\/wp-json\/wp\/v2\/product_cat?post=3370"},{"taxonomy":"product_tag","embeddable":true,"href":"https:\/\/acabadosfinost.com\/index.php\/wp-json\/wp\/v2\/product_tag?post=3370"}],"curies":[{"name":"wp","href":"https:\/\/api.w.org\/{rel}","templated":true}]}}