{"id":4787,"date":"2024-12-09T11:03:23","date_gmt":"2024-12-09T17:03:23","guid":{"rendered":"https:\/\/acabadosfinost.com\/?post_type=product&#038;p=4787"},"modified":"2026-02-03T20:32:36","modified_gmt":"2026-02-04T02:32:36","slug":"tina-residencial-marmoleado-cafe","status":"publish","type":"product","link":"https:\/\/acabadosfinost.com\/index.php\/producto\/tina-residencial-marmoleado-cafe\/","title":{"rendered":"Tina Residencial Marmoleado Caf\u00e9"},"content":{"rendered":"<p>TINA RESIDENCIAL MARMOLEADO CAF\u00c9 1.63 X 83 TERMOPLAS<\/p>\n","protected":false},"excerpt":{"rendered":"<p>Tina de ba\u00f1o funcional y c\u00f3moda, con materiales de alta calidad y acabados finos. Ideal para un ba\u00f1o relajante, disponible en varios tama\u00f1os para adaptarse a tu espacio.<\/p>\n<p>Medidas: 1.63 X 83<\/p>\n<p>Color: Marmoleado Caf\u00e9<\/p>\n<p><a href=\"https:\/\/bit.ly\/aft-atencion-a-clientes\"><img loading=\"lazy\" decoding=\"async\" class=\"alignnone wp-image-6060\" src=\"https:\/\/acabadosfinost.com\/wp-content\/uploads\/2024\/08\/logo-300x300.png\" alt=\"\" width=\"40\" height=\"40\" srcset=\"https:\/\/acabadosfinost.com\/wp-content\/uploads\/2024\/08\/logo-300x300.png 300w, https:\/\/acabadosfinost.com\/wp-content\/uploads\/2024\/08\/logo-150x150.png 150w, https:\/\/acabadosfinost.com\/wp-content\/uploads\/2024\/08\/logo-100x100.png 100w, https:\/\/acabadosfinost.com\/wp-content\/uploads\/2024\/08\/logo.png 512w\" sizes=\"(max-width: 40px) 100vw, 40px\" \/><\/a> <img loading=\"lazy\" decoding=\"async\" class=\"alignnone wp-image-6057\" src=\"https:\/\/acabadosfinost.com\/wp-content\/uploads\/2024\/08\/instagram-300x300.png\" alt=\"\" width=\"40\" height=\"40\" srcset=\"https:\/\/acabadosfinost.com\/wp-content\/uploads\/2024\/08\/instagram-300x300.png 300w, https:\/\/acabadosfinost.com\/wp-content\/uploads\/2024\/08\/instagram-150x150.png 150w, https:\/\/acabadosfinost.com\/wp-content\/uploads\/2024\/08\/instagram-100x100.png 100w, https:\/\/acabadosfinost.com\/wp-content\/uploads\/2024\/08\/instagram.png 512w\" sizes=\"(max-width: 40px) 100vw, 40px\" \/> <img loading=\"lazy\" decoding=\"async\" class=\"alignnone wp-image-6058\" src=\"https:\/\/acabadosfinost.com\/wp-content\/uploads\/2024\/08\/social-media-300x300.png\" alt=\"\" width=\"40\" height=\"40\" srcset=\"https:\/\/acabadosfinost.com\/wp-content\/uploads\/2024\/08\/social-media-300x300.png 300w, https:\/\/acabadosfinost.com\/wp-content\/uploads\/2024\/08\/social-media-150x150.png 150w, https:\/\/acabadosfinost.com\/wp-content\/uploads\/2024\/08\/social-media-100x100.png 100w, https:\/\/acabadosfinost.com\/wp-content\/uploads\/2024\/08\/social-media.png 512w\" sizes=\"(max-width: 40px) 100vw, 40px\" \/><img loading=\"lazy\" decoding=\"async\" class=\"alignnone wp-image-6062\" src=\"https:\/\/acabadosfinost.com\/wp-content\/uploads\/2024\/08\/facebook1-300x300.png\" alt=\"\" width=\"37\" height=\"37\" srcset=\"https:\/\/acabadosfinost.com\/wp-content\/uploads\/2024\/08\/facebook1-300x300.png 300w, https:\/\/acabadosfinost.com\/wp-content\/uploads\/2024\/08\/facebook1-150x150.png 150w, https:\/\/acabadosfinost.com\/wp-content\/uploads\/2024\/08\/facebook1-100x100.png 100w, https:\/\/acabadosfinost.com\/wp-content\/uploads\/2024\/08\/facebook1.png 512w\" sizes=\"(max-width: 37px) 100vw, 37px\" \/>\u00a0<img loading=\"lazy\" decoding=\"async\" class=\"alignnone wp-image-6063\" src=\"https:\/\/acabadosfinost.com\/wp-content\/uploads\/2024\/08\/youtube1-300x300.png\" alt=\"\" width=\"37\" height=\"37\" srcset=\"https:\/\/acabadosfinost.com\/wp-content\/uploads\/2024\/08\/youtube1-300x300.png 300w, https:\/\/acabadosfinost.com\/wp-content\/uploads\/2024\/08\/youtube1-150x150.png 150w, https:\/\/acabadosfinost.com\/wp-content\/uploads\/2024\/08\/youtube1-100x100.png 100w, https:\/\/acabadosfinost.com\/wp-content\/uploads\/2024\/08\/youtube1.png 512w\" sizes=\"(max-width: 37px) 100vw, 37px\" \/><\/p>\n","protected":false},"featured_media":0,"comment_status":"open","ping_status":"closed","template":"","meta":{"_acf_changed":false},"product_cat":[83,91],"product_tag":[],"acf":[],"_links":{"self":[{"href":"https:\/\/acabadosfinost.com\/index.php\/wp-json\/wp\/v2\/product\/4787"}],"collection":[{"href":"https:\/\/acabadosfinost.com\/index.php\/wp-json\/wp\/v2\/product"}],"about":[{"href":"https:\/\/acabadosfinost.com\/index.php\/wp-json\/wp\/v2\/types\/product"}],"replies":[{"embeddable":true,"href":"https:\/\/acabadosfinost.com\/index.php\/wp-json\/wp\/v2\/comments?post=4787"}],"wp:attachment":[{"href":"https:\/\/acabadosfinost.com\/index.php\/wp-json\/wp\/v2\/media?parent=4787"}],"wp:term":[{"taxonomy":"product_cat","embeddable":true,"href":"https:\/\/acabadosfinost.com\/index.php\/wp-json\/wp\/v2\/product_cat?post=4787"},{"taxonomy":"product_tag","embeddable":true,"href":"https:\/\/acabadosfinost.com\/index.php\/wp-json\/wp\/v2\/product_tag?post=4787"}],"curies":[{"name":"wp","href":"https:\/\/api.w.org\/{rel}","templated":true}]}}